{"id":82982,"date":"2020-01-21T15:31:22","date_gmt":"2020-01-21T15:31:22","guid":{"rendered":"https:\/\/funds.palos.ca\/fonds\/"},"modified":"2026-04-17T14:37:51","modified_gmt":"2026-04-17T18:37:51","slug":"fonds","status":"publish","type":"page","link":"https:\/\/funds.palos.ca\/fr\/fonds\/","title":{"rendered":"Fonds"},"content":{"rendered":"\t\t<div data-elementor-type=\"wp-page\" data-elementor-id=\"82982\" class=\"elementor elementor-82982 elementor-879\" data-elementor-settings=\"[]\">\n\t\t\t\t\t\t<div class=\"elementor-inner\">\n\t\t\t\t\t\t\t<div class=\"elementor-section-wrap\">\n\t\t\t\t\t\t\t<section class=\"elementor-section elementor-top-section elementor-element elementor-element-759c5a2 elementor-section-height-min-height elementor-section-boxed elementor-section-height-default elementor-section-items-middle\" data-id=\"759c5a2\" data-element_type=\"section\" data-settings=\"{&quot;background_background&quot;:&quot;classic&quot;}\">\n\t\t\t\t\t\t\t<div class=\"elementor-background-overlay\"><\/div>\n\t\t\t\t\t\t\t<div class=\"elementor-container elementor-column-gap-default\">\n\t\t\t\t\t\t\t<div class=\"elementor-row\">\n\t\t\t\t\t<div class=\"elementor-column elementor-col-100 elementor-top-column elementor-element elementor-element-4e8df2c\" data-id=\"4e8df2c\" data-element_type=\"column\">\n\t\t\t<div class=\"elementor-column-wrap elementor-element-populated\">\n\t\t\t\t\t\t\t<div class=\"elementor-widget-wrap\">\n\t\t\t\t\t\t<div class=\"elementor-element elementor-element-e6b8f64 elementor-widget elementor-widget-jet-headline\" data-id=\"e6b8f64\" data-element_type=\"widget\" data-widget_type=\"jet-headline.default\">\n\t\t\t\t<div class=\"elementor-widget-container\">\n\t\t\t<h2 class=\"jet-headline jet-headline--direction-vertical\"><span class=\"jet-headline__part jet-headline__second\"><span class=\"jet-headline__label\">D\u00e9couvrez nos fonds<\/span><\/span><\/h2>\t\t<\/div>\n\t\t\t\t<\/div>\n\t\t\t\t<div class=\"elementor-element elementor-element-398c182 elementor-widget elementor-widget-text-editor\" data-id=\"398c182\" data-element_type=\"widget\" data-widget_type=\"text-editor.default\">\n\t\t\t\t<div class=\"elementor-widget-container\">\n\t\t\t\t\t\t\t\t<div class=\"elementor-text-editor elementor-clearfix\">\n\t\t\t\t<p>Les investisseurs qui d\u00e9tiennent des parts des fonds Palos profitent de frais parmi les plus faibles du march\u00e9. Vous b\u00e9n\u00e9ficierez \u00e9galement de l\u2019approche rigoureuse ax\u00e9e sur la recherche de Palos en mati\u00e8re de s\u00e9lection des titres.<\/p>\n\t\t\t\t\t<\/div>\n\t\t\t\t\t\t<\/div>\n\t\t\t\t<\/div>\n\t\t\t\t\t\t<\/div>\n\t\t\t\t\t<\/div>\n\t\t<\/div>\n\t\t\t\t\t\t\t\t<\/div>\n\t\t\t\t\t<\/div>\n\t\t<\/section>\n\t\t\t\t<section class=\"elementor-section elementor-top-section elementor-element elementor-element-429ed6e elementor-section-stretched elementor-section-height-min-height elementor-section-boxed elementor-section-height-default elementor-section-items-middle\" data-id=\"429ed6e\" data-element_type=\"section\" data-settings=\"{&quot;stretch_section&quot;:&quot;section-stretched&quot;}\">\n\t\t\t\t\t\t<div class=\"elementor-container elementor-column-gap-default\">\n\t\t\t\t\t\t\t<div class=\"elementor-row\">\n\t\t\t\t\t<div class=\"elementor-column elementor-col-100 elementor-top-column elementor-element elementor-element-a8fea2c\" data-id=\"a8fea2c\" data-element_type=\"column\">\n\t\t\t<div class=\"elementor-column-wrap elementor-element-populated\">\n\t\t\t\t\t\t\t<div class=\"elementor-widget-wrap\">\n\t\t\t\t\t\t<div class=\"elementor-element elementor-element-5cae8cf elementor-widget__width-initial elementor-widget elementor-widget-jet-table\" data-id=\"5cae8cf\" data-element_type=\"widget\" data-widget_type=\"jet-table.default\">\n\t\t\t\t<div class=\"elementor-widget-container\">\n\t\t\t<div class=\"elementor-jet-table jet-elements\">\n\t\t<div class=\"jet-table-wrapper\">\n\t\t\t<table class=\"jet-table jet-table--fa5-compat\">\n\t\t\t\t<thead class=\"jet-table__head\"><tr class=\"jet-table__head-row\"><th class=\"jet-table__cell elementor-repeater-item-0137af3 jet-table__head-cell\" scope=\"col\"><div class=\"jet-table__cell-inner\"><div class=\"jet-table__cell-content\"><div class=\"jet-table__cell-text\">NOM DU FONDS<\/div><\/div><\/div><\/th><th class=\"jet-table__cell elementor-repeater-item-e50e75e jet-table__head-cell\" scope=\"col\"><div class=\"jet-table__cell-inner\"><div class=\"jet-table__cell-content\"><div class=\"jet-table__cell-text\">S\u00c9RIE<\/div><\/div><\/div><\/th><th class=\"jet-table__cell elementor-repeater-item-625c359 jet-table__head-cell\" scope=\"col\"><div class=\"jet-table__cell-inner\"><div class=\"jet-table__cell-content\"><div class=\"jet-table__cell-text\">CODE FUNDSERV<\/div><\/div><\/div><\/th><th class=\"jet-table__cell elementor-repeater-item-3c17246 jet-table__head-cell\" scope=\"col\"><div class=\"jet-table__cell-inner\"><div class=\"jet-table__cell-content\"><div class=\"jet-table__cell-text\">STRAT\u00c9GIE<\/div><\/div><\/div><\/th><th class=\"jet-table__cell elementor-repeater-item-5284d81 jet-table__head-cell\" scope=\"col\"><div class=\"jet-table__cell-inner\"><div class=\"jet-table__cell-content\"><div class=\"jet-table__cell-text\">SOMMAIRE DES MODALIT\u00c9S<\/div><\/div><\/div><\/th><th class=\"jet-table__cell elementor-repeater-item-743c119 jet-table__head-cell\" scope=\"col\"><div class=\"jet-table__cell-inner\"><div class=\"jet-table__cell-content\"><div class=\"jet-table__cell-text\">APER\u00c7U DU FONDS<\/div><\/div><\/div><\/th><th class=\"jet-table__cell elementor-repeater-item-0803465 jet-table__head-cell\" scope=\"col\"><div class=\"jet-table__cell-inner\"><div class=\"jet-table__cell-content\"><div class=\"jet-table__cell-text\">SOMMAIRE DU RENDEMENT<\/div><\/div><\/div><\/th><\/tr><\/thead>\n\t\t\t\t\t\t\t\t<tbody class=\"jet-table__body\"><tr class=\"jet-table__body-row elementor-repeater-item-bd256c9\"><td class=\"jet-table__cell elementor-repeater-item-aa1cf9e jet-table__body-cell\"><a class=\"jet-table__cell-inner jet-table__cell-link\" href=\"https:\/\/funds.palos.ca\/fr\/fonds-de-revenu-dactions-palos\/\"><div class=\"jet-table__cell-content\"><div class=\"jet-table__cell-text\">Fonds de revenu actions Palos<\/div><\/div><\/a><\/td><td class=\"jet-table__cell elementor-repeater-item-6af5080 jet-table__body-cell\"><div class=\"jet-table__cell-inner\"><div class=\"jet-table__cell-content\"><div class=\"jet-table__cell-text\">A<br>F<br><\/div><\/div><\/div><\/td><td class=\"jet-table__cell elementor-repeater-item-4fb7846 jet-table__body-cell\"><div class=\"jet-table__cell-inner\"><div class=\"jet-table__cell-content\"><div class=\"jet-table__cell-text\">PAL101<br>PAL102<br><\/div><\/div><\/div><\/td><td class=\"jet-table__cell elementor-repeater-item-707c86d jet-table__body-cell\"><a class=\"jet-table__cell-inner jet-table__cell-link\" href=\"https:\/\/funds.palos.ca\/fr\/palos-income-fund-l-p\/\"><div class=\"jet-table__cell-content\"><div class=\"jet-table__cell-text\">Revenu d\u2019actions canadiennes<\/div><\/div><\/a><\/td><td class=\"jet-table__cell elementor-repeater-item-8af559e jet-table__body-cell\"><a class=\"jet-table__cell-inner jet-table__cell-link\" href=\"https:\/\/funds.palos.ca\/wp-content\/uploads\/2020\/06\/FF_A_2020-06-FR_Definitive.pdf\"><div class=\"jet-table__cell-content\"><\/div><\/a><\/td><td class=\"jet-table__cell elementor-repeater-item-894bb9c jet-table__body-cell\"><a class=\"jet-table__cell-inner jet-table__cell-link\" href=\"https:\/\/funds.palos.ca\/wp-content\/uploads\/2025\/07\/314670289_v1_Palos-Apercu-du-Fonds-serie-A-2025.pdf\"><div class=\"jet-table__cell-content\"><div class=\"jet-table__cell-text\">T\u00e9l\u00e9charger<\/div><\/div><\/a><\/td><td class=\"jet-table__cell elementor-repeater-item-b05a01a jet-table__body-cell\"><a class=\"jet-table__cell-inner jet-table__cell-link\" href=\"https:\/\/funds.palos.ca\/wp-content\/uploads\/2026\/04\/Rendement_PAL_101_202603.pdf\"><div class=\"jet-table__cell-content\"><div class=\"jet-table__cell-text\">T\u00e9l\u00e9charger<\/div><\/div><\/a><\/td><\/tr><tr class=\"jet-table__body-row elementor-repeater-item-dd45350\"><td class=\"jet-table__cell elementor-repeater-item-89e98cc jet-table__body-cell\"><a class=\"jet-table__cell-inner jet-table__cell-link\" href=\"https:\/\/funds.palos.ca\/fr\/palos-income-fund-l-p\"><div class=\"jet-table__cell-content\"><div class=\"jet-table__cell-text\">Fonds de revenu Palos S.E.C.<\/div><\/div><\/a><\/td><td class=\"jet-table__cell elementor-repeater-item-6ac1a0a jet-table__body-cell\"><div class=\"jet-table__cell-inner\"><div class=\"jet-table__cell-content\"><div class=\"jet-table__cell-text\">A<br>F<br>X<\/div><\/div><\/div><\/td><td class=\"jet-table__cell elementor-repeater-item-08f4d7a jet-table__body-cell\"><div class=\"jet-table__cell-inner\"><div class=\"jet-table__cell-content\"><div class=\"jet-table__cell-text\">PAL110<br>PAL111<br>PAL100<\/div><\/div><\/div><\/td><td class=\"jet-table__cell elementor-repeater-item-2463308 jet-table__body-cell\"><div class=\"jet-table__cell-inner\"><div class=\"jet-table__cell-content\"><div class=\"jet-table__cell-text\">Revenu d\u2019actions canadiennes<\/div><\/div><\/div><\/td><td class=\"jet-table__cell elementor-repeater-item-e333658 jet-table__body-cell\"><a class=\"jet-table__cell-inner jet-table__cell-link\" href=\"https:\/\/funds.palos.ca\/wp-content\/uploads\/2026\/01\/Palos-Income-Fund-Term-Sheet-1-December-2025-FR.pdf\"><div class=\"jet-table__cell-content\"><div class=\"jet-table__cell-text\">T\u00e9l\u00e9charger<\/div><\/div><\/a><\/td><td class=\"jet-table__cell elementor-repeater-item-a75d0fe jet-table__body-cell\"><div class=\"jet-table__cell-inner\"><div class=\"jet-table__cell-content\"><\/div><\/div><\/td><td class=\"jet-table__cell elementor-repeater-item-d38d46e jet-table__body-cell\"><a class=\"jet-table__cell-inner jet-table__cell-link\" href=\"https:\/\/funds.palos.ca\/wp-content\/uploads\/2026\/04\/Rendement_PAL_100_202603.pdf\"><div class=\"jet-table__cell-content\"><div class=\"jet-table__cell-text\">T\u00e9l\u00e9charger<\/div><\/div><\/a><\/td><\/tr><tr class=\"jet-table__body-row elementor-repeater-item-cf5b04c\"><td class=\"jet-table__cell elementor-repeater-item-ac84e13 jet-table__body-cell\"><a class=\"jet-table__cell-inner jet-table__cell-link\" href=\"https:\/\/funds.palos.ca\/fr\/palos-mitchell-alpha-fund\/\"><div class=\"jet-table__cell-content\"><div class=\"jet-table__cell-text\">Fonds d\u2019actions Alpha Palos Mitchell<\/div><\/div><\/a><\/td><td class=\"jet-table__cell elementor-repeater-item-0dc2978 jet-table__body-cell\"><div class=\"jet-table__cell-inner\"><div class=\"jet-table__cell-content\"><div class=\"jet-table__cell-text\">O<br>\nA<br>\nF<br><\/div><\/div><\/div><\/td><td class=\"jet-table__cell elementor-repeater-item-cb9f680 jet-table__body-cell\"><div class=\"jet-table__cell-inner\"><div class=\"jet-table__cell-content\"><div class=\"jet-table__cell-text\">PAL300<br>\nPAL310<br>\nPAL320<br><\/div><\/div><\/div><\/td><td class=\"jet-table__cell elementor-repeater-item-07e4971 jet-table__body-cell\"><div class=\"jet-table__cell-inner\"><div class=\"jet-table__cell-content\"><div class=\"jet-table__cell-text\">Ax\u00e9 sur les actions mondiales<\/div><\/div><\/div><\/td><td class=\"jet-table__cell elementor-repeater-item-cf7dede jet-table__body-cell\"><a class=\"jet-table__cell-inner jet-table__cell-link\" href=\"https:\/\/funds.palos.ca\/wp-content\/uploads\/2026\/01\/Palos-Mitchell-Alpha-Fund-Term-Sheet-1-December-2025-FR.pdf\"><div class=\"jet-table__cell-content\"><div class=\"jet-table__cell-text\">T\u00e9l\u00e9charger<\/div><\/div><\/a><\/td><td class=\"jet-table__cell elementor-repeater-item-d2e8e08 jet-table__body-cell\"><div class=\"jet-table__cell-inner\"><div class=\"jet-table__cell-content\"><\/div><\/div><\/td><td class=\"jet-table__cell elementor-repeater-item-177a549 jet-table__body-cell\"><a class=\"jet-table__cell-inner jet-table__cell-link\" href=\"https:\/\/funds.palos.ca\/wp-content\/uploads\/2026\/04\/Rendement_PAL_300_202603.pdf\"><div class=\"jet-table__cell-content\"><div class=\"jet-table__cell-text\">T\u00e9l\u00e9charger<\/div><\/div><\/a><\/td><\/tr><tr class=\"jet-table__body-row elementor-repeater-item-4362378\"><td class=\"jet-table__cell elementor-repeater-item-2fbbf40 jet-table__body-cell\"><a class=\"jet-table__cell-inner jet-table__cell-link\" href=\"https:\/\/funds.palos.ca\/fr\/palos-wp-growth-fund\/\"><div class=\"jet-table__cell-content\"><div class=\"jet-table__cell-text\">Fonds Palos WP croissance<\/div><\/div><\/a><\/td><td class=\"jet-table__cell elementor-repeater-item-e3951ad jet-table__body-cell\"><div class=\"jet-table__cell-inner\"><div class=\"jet-table__cell-content\"><div class=\"jet-table__cell-text\">W<\/div><\/div><\/div><\/td><td class=\"jet-table__cell elementor-repeater-item-90eb20f jet-table__body-cell\"><div class=\"jet-table__cell-inner\"><div class=\"jet-table__cell-content\"><div class=\"jet-table__cell-text\">PAL213<\/div><\/div><\/div><\/td><td class=\"jet-table__cell elementor-repeater-item-4750f3d jet-table__body-cell\"><div class=\"jet-table__cell-inner\"><div class=\"jet-table__cell-content\"><div class=\"jet-table__cell-text\">Actions canadiennes \u00e0 petite capitalisation<\/div><\/div><\/div><\/td><td class=\"jet-table__cell elementor-repeater-item-f71361b jet-table__body-cell\"><a class=\"jet-table__cell-inner jet-table__cell-link\" href=\"https:\/\/funds.palos.ca\/wp-content\/uploads\/2026\/01\/Palos-WP-Growth-Fund-Term-Sheet-1-December-2025-FR.pdf\"><div class=\"jet-table__cell-content\"><div class=\"jet-table__cell-text\">T\u00e9l\u00e9charger<\/div><\/div><\/a><\/td><td class=\"jet-table__cell elementor-repeater-item-188e0c3 jet-table__body-cell\"><div class=\"jet-table__cell-inner\"><div class=\"jet-table__cell-content\"><\/div><\/div><\/td><td class=\"jet-table__cell elementor-repeater-item-bcf064f jet-table__body-cell\"><a class=\"jet-table__cell-inner jet-table__cell-link\" href=\"https:\/\/funds.palos.ca\/wp-content\/uploads\/2026\/04\/Rendement_PAL_200_202603.pdf\"><div class=\"jet-table__cell-content\"><div class=\"jet-table__cell-text\">T\u00e9l\u00e9charger<\/div><\/div><\/a><\/td><\/tr><tr class=\"jet-table__body-row elementor-repeater-item-f912355\"><td class=\"jet-table__cell elementor-repeater-item-e6e2e58 jet-table__body-cell\"><div class=\"jet-table__cell-inner\"><div class=\"jet-table__cell-content\"><div class=\"jet-table__cell-text\">Fonds d\u2019actions mondiales \u00e0 petites capitalisations Palos<\/div><\/div><\/div><\/td><td class=\"jet-table__cell elementor-repeater-item-91debb1 jet-table__body-cell\"><div class=\"jet-table__cell-inner\"><div class=\"jet-table__cell-content\"><div class=\"jet-table__cell-text\">F<\/div><\/div><\/div><\/td><td class=\"jet-table__cell elementor-repeater-item-ac6111b jet-table__body-cell\"><div class=\"jet-table__cell-inner\"><div class=\"jet-table__cell-content\"><div class=\"jet-table__cell-text\">PAL251<\/div><\/div><\/div><\/td><td class=\"jet-table__cell elementor-repeater-item-83b5517 jet-table__body-cell\"><div class=\"jet-table__cell-inner\"><div class=\"jet-table__cell-content\"><div class=\"jet-table__cell-text\">Actions mondiales \u00e0 petite capitalisation<\/div><\/div><\/div><\/td><td class=\"jet-table__cell elementor-repeater-item-6b5a2c8 jet-table__body-cell\"><a class=\"jet-table__cell-inner jet-table__cell-link\" href=\"https:\/\/funds.palos.ca\/wp-content\/uploads\/2026\/01\/Palos-Global-Small-Cap-Equity-Fund-Term-Sheet-1-December-2025-FR.pdf\"><div class=\"jet-table__cell-content\"><div class=\"jet-table__cell-text\">T\u00e9l\u00e9charger<\/div><\/div><\/a><\/td><td class=\"jet-table__cell elementor-repeater-item-e68d5d0 jet-table__body-cell\"><div class=\"jet-table__cell-inner\"><div class=\"jet-table__cell-content\"><\/div><\/div><\/td><td class=\"jet-table__cell elementor-repeater-item-53c0eec jet-table__body-cell\"><a class=\"jet-table__cell-inner jet-table__cell-link\" href=\"https:\/\/funds.palos.ca\/wp-content\/uploads\/2026\/04\/Rendement_PAL_250_202603.pdf\"><div class=\"jet-table__cell-content\"><div class=\"jet-table__cell-text\">T\u00e9l\u00e9charger<\/div><\/div><\/a><\/td><\/tr><tr class=\"jet-table__body-row elementor-repeater-item-36c1a90\"><td class=\"jet-table__cell elementor-repeater-item-f7ad746 jet-table__body-cell\"><div class=\"jet-table__cell-inner\"><div class=\"jet-table__cell-content\"><div class=\"jet-table__cell-text\">Fonds Palos-CTI Acrobat am\u00e9lior\u00e9<\/div><\/div><\/div><\/td><td class=\"jet-table__cell elementor-repeater-item-b5ac28e jet-table__body-cell\"><div class=\"jet-table__cell-inner\"><div class=\"jet-table__cell-content\"><div class=\"jet-table__cell-text\">A<br>\nF<br><\/div><\/div><\/div><\/td><td class=\"jet-table__cell elementor-repeater-item-364b5ae jet-table__body-cell\"><div class=\"jet-table__cell-inner\"><div class=\"jet-table__cell-content\"><div class=\"jet-table__cell-text\">PAL910<br>\nPAL911<br><\/div><\/div><\/div><\/td><td class=\"jet-table__cell elementor-repeater-item-f64815a jet-table__body-cell\"><div class=\"jet-table__cell-inner\"><div class=\"jet-table__cell-content\"><div class=\"jet-table__cell-text\">Actions canadiennes et am\u00e9ricaines<\/div><\/div><\/div><\/td><td class=\"jet-table__cell elementor-repeater-item-33a45a2 jet-table__body-cell\"><a class=\"jet-table__cell-inner jet-table__cell-link\" href=\"https:\/\/funds.palos.ca\/wp-content\/uploads\/2025\/12\/Palos-CTI-Acrobat-Enhanced-Fund-Term-Sheet-December-1-2025-FR.pdf\"><div class=\"jet-table__cell-content\"><div class=\"jet-table__cell-text\">T\u00e9l\u00e9charger<\/div><\/div><\/a><\/td><td class=\"jet-table__cell elementor-repeater-item-3da1e5f jet-table__body-cell\"><div class=\"jet-table__cell-inner\"><div class=\"jet-table__cell-content\"><\/div><\/div><\/td><td class=\"jet-table__cell elementor-repeater-item-dc8a1ba jet-table__body-cell\"><a class=\"jet-table__cell-inner jet-table__cell-link\" href=\"https:\/\/funds.palos.ca\/wp-content\/uploads\/2026\/03\/Rendement_PAL_911_202602.pdf\"><div class=\"jet-table__cell-content\"><div class=\"jet-table__cell-text\">T\u00e9l\u00e9charger<\/div><\/div><\/a><\/td><\/tr><tr class=\"jet-table__body-row elementor-repeater-item-246aeb3\"><td class=\"jet-table__cell elementor-repeater-item-2eea494 jet-table__body-cell\"><div class=\"jet-table__cell-inner\"><div class=\"jet-table__cell-content\"><div class=\"jet-table__cell-text\">Fonds Palos-Barnes Tendance et Valeur<\/div><\/div><\/div><\/td><td class=\"jet-table__cell elementor-repeater-item-6ca73cf jet-table__body-cell\"><div class=\"jet-table__cell-inner\"><div class=\"jet-table__cell-content\"><div class=\"jet-table__cell-text\">A<br>F<\/div><\/div><\/div><\/td><td class=\"jet-table__cell elementor-repeater-item-0b74222 jet-table__body-cell\"><div class=\"jet-table__cell-inner\"><div class=\"jet-table__cell-content\"><div class=\"jet-table__cell-text\">PAL360<br>PAL361<\/div><\/div><\/div><\/td><td class=\"jet-table__cell elementor-repeater-item-206b4d0 jet-table__body-cell\"><div class=\"jet-table__cell-inner\"><div class=\"jet-table__cell-content\"><div class=\"jet-table__cell-text\">Actions nord-am\u00e9ricaines de revenu<\/div><\/div><\/div><\/td><td class=\"jet-table__cell elementor-repeater-item-a58fe75 jet-table__body-cell\"><a class=\"jet-table__cell-inner jet-table__cell-link\" href=\"https:\/\/funds.palos.ca\/wp-content\/uploads\/2026\/04\/Palos-Barnes-Trending-Value-Fund-Term-Sheet-March-30-2026-FR.pdf\"><div class=\"jet-table__cell-content\"><div class=\"jet-table__cell-text\">T\u00e9l\u00e9charger<\/div><\/div><\/a><\/td><td class=\"jet-table__cell elementor-repeater-item-7b542df jet-table__body-cell\"><div class=\"jet-table__cell-inner\"><div class=\"jet-table__cell-content\"><\/div><\/div><\/td><td class=\"jet-table__cell elementor-repeater-item-122c879 jet-table__body-cell\"><div class=\"jet-table__cell-inner\"><div class=\"jet-table__cell-content\"><\/div><\/div><\/td><\/tr><\/tbody>\n\t\t\t<\/table>\n\t\t<\/div>\n\n\t\t<\/div>\t\t<\/div>\n\t\t\t\t<\/div>\n\t\t\t\t\t\t<\/div>\n\t\t\t\t\t<\/div>\n\t\t<\/div>\n\t\t\t\t\t\t\t\t<\/div>\n\t\t\t\t\t<\/div>\n\t\t<\/section>\n\t\t\t\t\t\t<\/div>\n\t\t\t\t\t\t<\/div>\n\t\t\t\t\t<\/div>\n\t\t","protected":false},"excerpt":{"rendered":"<p>D\u00e9couvrez nos fonds Les investisseurs qui d\u00e9tiennent des parts des fonds Palos profitent de frais parmi les plus faibles du march\u00e9. Vous b\u00e9n\u00e9ficierez \u00e9galement de l\u2019approche rigoureuse ax\u00e9e sur la recherche de Palos en mati\u00e8re de s\u00e9lection des titres. NOM DU FONDS S\u00c9RIE CODE FUNDSERV STRAT\u00c9GIE SOMMAIRE DES MODALIT\u00c9S APER\u00c7U DU FONDS SOMMAIRE DU RENDEMENT &hellip;<\/p>\n<p class=\"read-more\"> <a class=\"\" href=\"https:\/\/funds.palos.ca\/fr\/fonds\/\"> <span class=\"screen-reader-text\">Fonds<\/span> Lire la suite\u00a0\u00bb<\/a><\/p>\n","protected":false},"author":1,"featured_media":0,"parent":0,"menu_order":0,"comment_status":"closed","ping_status":"closed","template":"elementor_header_footer","meta":[],"_links":{"self":[{"href":"https:\/\/funds.palos.ca\/fr\/wp-json\/wp\/v2\/pages\/82982"}],"collection":[{"href":"https:\/\/funds.palos.ca\/fr\/wp-json\/wp\/v2\/pages"}],"about":[{"href":"https:\/\/funds.palos.ca\/fr\/wp-json\/wp\/v2\/types\/page"}],"author":[{"embeddable":true,"href":"https:\/\/funds.palos.ca\/fr\/wp-json\/wp\/v2\/users\/1"}],"replies":[{"embeddable":true,"href":"https:\/\/funds.palos.ca\/fr\/wp-json\/wp\/v2\/comments?post=82982"}],"version-history":[{"count":0,"href":"https:\/\/funds.palos.ca\/fr\/wp-json\/wp\/v2\/pages\/82982\/revisions"}],"wp:attachment":[{"href":"https:\/\/funds.palos.ca\/fr\/wp-json\/wp\/v2\/media?parent=82982"}],"curies":[{"name":"wp","href":"https:\/\/api.w.org\/{rel}","templated":true}]}}